{"id":9008,"date":"2025-05-06T17:11:39","date_gmt":"2025-05-06T17:11:39","guid":{"rendered":"https:\/\/humanforest.com.co\/aviso-legal\/"},"modified":"2025-08-07T15:05:00","modified_gmt":"2025-08-07T15:05:00","slug":"aviso-legal","status":"publish","type":"page","link":"https:\/\/humanforest.com.co\/es\/aviso-legal\/","title":{"rendered":"Aviso Legal"},"content":{"rendered":"\t\t<div data-elementor-type=\"wp-page\" data-elementor-id=\"9008\" class=\"elementor elementor-9008 elementor-8978\" data-elementor-post-type=\"page\">\n\t\t\t\t<div class=\"elementor-element elementor-element-6f4b845 e-con-full e-flex e-con e-parent\" data-id=\"6f4b845\" data-element_type=\"container\" data-settings=\"{&quot;background_background&quot;:&quot;classic&quot;}\">\n\t\t<div class=\"elementor-element elementor-element-639de1a e-flex e-con-boxed e-con e-child\" data-id=\"639de1a\" data-element_type=\"container\">\n\t\t\t\t\t<div class=\"e-con-inner\">\n\t\t\t\t<div class=\"elementor-element elementor-element-9a7b9d7 elementor-widget elementor-widget-heading\" data-id=\"9a7b9d7\" data-element_type=\"widget\" data-widget_type=\"heading.default\">\n\t\t\t\t<div class=\"elementor-widget-container\">\n\t\t\t\t\t<h2 class=\"elementor-heading-title elementor-size-default\">Aviso Legal<\/h2>\t\t\t\t<\/div>\n\t\t\t\t<\/div>\n\t\t\t\t\t<\/div>\n\t\t\t\t<\/div>\n\t\t\t\t<\/div>\n\t\t<div class=\"elementor-element elementor-element-50a7fc8 e-flex e-con-boxed e-con e-parent\" data-id=\"50a7fc8\" data-element_type=\"container\">\n\t\t\t\t\t<div class=\"e-con-inner\">\n\t\t<div class=\"elementor-element elementor-element-d274d5f e-con-full e-flex e-con e-child\" data-id=\"d274d5f\" data-element_type=\"container\">\n\t\t\t\t<div class=\"elementor-element elementor-element-fcd3e4a elementor-widget elementor-widget-heading\" data-id=\"fcd3e4a\" data-element_type=\"widget\" data-widget_type=\"heading.default\">\n\t\t\t\t<div class=\"elementor-widget-container\">\n\t\t\t\t\t<h2 class=\"elementor-heading-title elementor-size-default\">Informaci\u00f3n conforme a la Directiva 2000\/31\/CE de la Uni\u00f3n Europea (Directiva de Comercio Electr\u00f3nico)<\/h2>\t\t\t\t<\/div>\n\t\t\t\t<\/div>\n\t\t\t\t<div class=\"elementor-element elementor-element-43e9ced elementor-widget elementor-widget-heading\" data-id=\"43e9ced\" data-element_type=\"widget\" data-widget_type=\"heading.default\">\n\t\t\t\t<div class=\"elementor-widget-container\">\n\t\t\t\t\t<h2 class=\"elementor-heading-title elementor-size-default\">Nombre de la empresa:<\/h2>\t\t\t\t<\/div>\n\t\t\t\t<\/div>\n\t\t\t\t<div class=\"elementor-element elementor-element-c11fbaf elementor-widget elementor-widget-text-editor\" data-id=\"c11fbaf\" data-element_type=\"widget\" data-widget_type=\"text-editor.default\">\n\t\t\t\t<div class=\"elementor-widget-container\">\n\t\t\t\t\t\t\t\t\t<p>Human Forest SAS<\/p>\t\t\t\t\t\t\t\t<\/div>\n\t\t\t\t<\/div>\n\t\t\t\t<div class=\"elementor-element elementor-element-d966feb elementor-widget elementor-widget-heading\" data-id=\"d966feb\" data-element_type=\"widget\" data-widget_type=\"heading.default\">\n\t\t\t\t<div class=\"elementor-widget-container\">\n\t\t\t\t\t<h2 class=\"elementor-heading-title elementor-size-default\">Representante autorizado:<\/h2>\t\t\t\t<\/div>\n\t\t\t\t<\/div>\n\t\t\t\t<div class=\"elementor-element elementor-element-88fd432 elementor-widget elementor-widget-text-editor\" data-id=\"88fd432\" data-element_type=\"widget\" data-widget_type=\"text-editor.default\">\n\t\t\t\t<div class=\"elementor-widget-container\">\n\t\t\t\t\t\t\t\t\t<p><span style=\"font-weight: 400;\">Helmuth Gallego<\/span><\/p>\t\t\t\t\t\t\t\t<\/div>\n\t\t\t\t<\/div>\n\t\t\t\t<div class=\"elementor-element elementor-element-b9f223d elementor-widget elementor-widget-heading\" data-id=\"b9f223d\" data-element_type=\"widget\" data-widget_type=\"heading.default\">\n\t\t\t\t<div class=\"elementor-widget-container\">\n\t\t\t\t\t<h2 class=\"elementor-heading-title elementor-size-default\">Direcci\u00f3n:<\/h2>\t\t\t\t<\/div>\n\t\t\t\t<\/div>\n\t\t\t\t<div class=\"elementor-element elementor-element-c7bc17e elementor-widget elementor-widget-text-editor\" data-id=\"c7bc17e\" data-element_type=\"widget\" data-widget_type=\"text-editor.default\">\n\t\t\t\t<div class=\"elementor-widget-container\">\n\t\t\t\t\t\t\t\t\t<p><span style=\"font-weight: 400;\">Calle 101 No. 12-42<\/span><span style=\"font-weight: 400;\"><br><\/span><span style=\"font-weight: 400;\">110111 Bogot\u00e1<\/span><span style=\"font-weight: 400;\"><br><\/span><span style=\"font-weight: 400;\">Colombia<\/span><\/p>\t\t\t\t\t\t\t\t<\/div>\n\t\t\t\t<\/div>\n\t\t\t\t<div class=\"elementor-element elementor-element-70ea9a1 elementor-widget elementor-widget-heading\" data-id=\"70ea9a1\" data-element_type=\"widget\" data-widget_type=\"heading.default\">\n\t\t\t\t<div class=\"elementor-widget-container\">\n\t\t\t\t\t<h2 class=\"elementor-heading-title elementor-size-default\">Contacto:<\/h2>\t\t\t\t<\/div>\n\t\t\t\t<\/div>\n\t\t\t\t<div class=\"elementor-element elementor-element-9b47ea5 elementor-widget elementor-widget-text-editor\" data-id=\"9b47ea5\" data-element_type=\"widget\" data-widget_type=\"text-editor.default\">\n\t\t\t\t<div class=\"elementor-widget-container\">\n\t\t\t\t\t\t\t\t\t<p><span style=\"font-weight: 400;\">Tel\u00e9fono: +57 (601) 552 2510<\/span><span style=\"font-weight: 400;\"><br><\/span><span style=\"font-weight: 400;\">Correo: administracion@humanforest.com.co<\/span><span style=\"font-weight: 400;\"><br><\/span><span style=\"font-weight: 400;\">Sitio web: humanforest.com.co<\/span><\/p>\t\t\t\t\t\t\t\t<\/div>\n\t\t\t\t<\/div>\n\t\t\t\t<div class=\"elementor-element elementor-element-a719789 elementor-widget elementor-widget-heading\" data-id=\"a719789\" data-element_type=\"widget\" data-widget_type=\"heading.default\">\n\t\t\t\t<div class=\"elementor-widget-container\">\n\t\t\t\t\t<h2 class=\"elementor-heading-title elementor-size-default\">N\u00famero de Identificaci\u00f3n Tributaria (NIT):<\/h2>\t\t\t\t<\/div>\n\t\t\t\t<\/div>\n\t\t\t\t<div class=\"elementor-element elementor-element-b6fcd31 elementor-widget elementor-widget-text-editor\" data-id=\"b6fcd31\" data-element_type=\"widget\" data-widget_type=\"text-editor.default\">\n\t\t\t\t<div class=\"elementor-widget-container\">\n\t\t\t\t\t\t\t\t\t<p><span style=\"font-weight: 400;\">900798924<\/span><\/p>\t\t\t\t\t\t\t\t<\/div>\n\t\t\t\t<\/div>\n\t\t\t\t<div class=\"elementor-element elementor-element-9e24cf1 elementor-widget elementor-widget-heading\" data-id=\"9e24cf1\" data-element_type=\"widget\" data-widget_type=\"heading.default\">\n\t\t\t\t<div class=\"elementor-widget-container\">\n\t\t\t\t\t<h2 class=\"elementor-heading-title elementor-size-default\">Responsable del contenido conforme a la Directiva 2000\/31\/CE:<\/h2>\t\t\t\t<\/div>\n\t\t\t\t<\/div>\n\t\t\t\t<div class=\"elementor-element elementor-element-1fcc326 elementor-widget elementor-widget-text-editor\" data-id=\"1fcc326\" data-element_type=\"widget\" data-widget_type=\"text-editor.default\">\n\t\t\t\t<div class=\"elementor-widget-container\">\n\t\t\t\t\t\t\t\t\t<p><span style=\"font-weight: 400;\">Helmuth Gallego<\/span><span style=\"font-weight: 400;\"><br><\/span><span style=\"font-weight: 400;\">Calle 101 No. 12-42, 110111 Bogot\u00e1, Colombia<\/span><\/p>\t\t\t\t\t\t\t\t<\/div>\n\t\t\t\t<\/div>\n\t\t\t\t<div class=\"elementor-element elementor-element-17340d2 elementor-widget elementor-widget-heading\" data-id=\"17340d2\" data-element_type=\"widget\" data-widget_type=\"heading.default\">\n\t\t\t\t<div class=\"elementor-widget-container\">\n\t\t\t\t\t<h2 class=\"elementor-heading-title elementor-size-default\">Responsabilidad sobre los contenidos:<\/h2>\t\t\t\t<\/div>\n\t\t\t\t<\/div>\n\t\t\t\t<div class=\"elementor-element elementor-element-4f5cbe8 elementor-widget elementor-widget-text-editor\" data-id=\"4f5cbe8\" data-element_type=\"widget\" data-widget_type=\"text-editor.default\">\n\t\t\t\t<div class=\"elementor-widget-container\">\n\t\t\t\t\t\t\t\t\t<p><span style=\"font-weight: 400;\">Los contenidos de este sitio web han sido elaborados con el m\u00e1ximo cuidado. Sin embargo, no garantizamos la exactitud, integridad o actualizaci\u00f3n de la informaci\u00f3n proporcionada. <\/span><\/p>\t\t\t\t\t\t\t\t<\/div>\n\t\t\t\t<\/div>\n\t\t\t\t<div class=\"elementor-element elementor-element-5263dc1 elementor-widget elementor-widget-heading\" data-id=\"5263dc1\" data-element_type=\"widget\" data-widget_type=\"heading.default\">\n\t\t\t\t<div class=\"elementor-widget-container\">\n\t\t\t\t\t<h2 class=\"elementor-heading-title elementor-size-default\">Responsabilidad sobre enlaces:<\/h2>\t\t\t\t<\/div>\n\t\t\t\t<\/div>\n\t\t\t\t<div class=\"elementor-element elementor-element-c85395a elementor-widget elementor-widget-text-editor\" data-id=\"c85395a\" data-element_type=\"widget\" data-widget_type=\"text-editor.default\">\n\t\t\t\t<div class=\"elementor-widget-container\">\n\t\t\t\t\t\t\t\t\t<p><span style=\"font-weight: 400;\">Nuestro sitio web contiene enlaces a p\u00e1ginas web externas de terceros sobre cuyo contenido no tenemos influencia. Por lo tanto, no asumimos ninguna responsabilidad por dichos contenidos externos. <\/span><\/p>\t\t\t\t\t\t\t\t<\/div>\n\t\t\t\t<\/div>\n\t\t\t\t<div class=\"elementor-element elementor-element-0421693 elementor-widget elementor-widget-heading\" data-id=\"0421693\" data-element_type=\"widget\" data-widget_type=\"heading.default\">\n\t\t\t\t<div class=\"elementor-widget-container\">\n\t\t\t\t\t<h2 class=\"elementor-heading-title elementor-size-default\">Derechos de autor:<\/h2>\t\t\t\t<\/div>\n\t\t\t\t<\/div>\n\t\t\t\t<div class=\"elementor-element elementor-element-d602c83 elementor-widget elementor-widget-text-editor\" data-id=\"d602c83\" data-element_type=\"widget\" data-widget_type=\"text-editor.default\">\n\t\t\t\t<div class=\"elementor-widget-container\">\n\t\t\t\t\t\t\t\t\t<p><span style=\"font-weight: 400;\">Los contenidos creados por la empresa en este sitio web est\u00e1n protegidos por la legislaci\u00f3n colombiana sobre derechos de autor. Cualquier reproducci\u00f3n o distribuci\u00f3n requiere autorizaci\u00f3n previa por escrito. <\/span><\/p>\t\t\t\t\t\t\t\t<\/div>\n\t\t\t\t<\/div>\n\t\t\t\t<\/div>\n\t\t\t\t\t<\/div>\n\t\t\t\t<\/div>\n\t\t\t\t<\/div>\n\t\t","protected":false},"excerpt":{"rendered":"<p>Aviso Legal Informaci\u00f3n conforme a la Directiva 2000\/31\/CE de la Uni\u00f3n Europea (Directiva de Comercio Electr\u00f3nico) Nombre de la empresa: Human Forest SAS Representante autorizado: Helmuth Gallego Direcci\u00f3n: Calle 101 No. 12-42110111 Bogot\u00e1Colombia Contacto: Tel\u00e9fono: +57 (601) 552 2510Correo: administracion@humanforest.com.coSitio web: humanforest.com.co N\u00famero de Identificaci\u00f3n Tributaria (NIT): 900798924 Responsable del contenido conforme a la Directiva [&hellip;]<\/p>\n","protected":false},"author":2,"featured_media":0,"parent":0,"menu_order":0,"comment_status":"closed","ping_status":"closed","template":"","meta":{"footnotes":""},"class_list":["post-9008","page","type-page","status-publish","hentry"],"_links":{"self":[{"href":"https:\/\/humanforest.com.co\/es\/wp-json\/wp\/v2\/pages\/9008","targetHints":{"allow":["GET"]}}],"collection":[{"href":"https:\/\/humanforest.com.co\/es\/wp-json\/wp\/v2\/pages"}],"about":[{"href":"https:\/\/humanforest.com.co\/es\/wp-json\/wp\/v2\/types\/page"}],"author":[{"embeddable":true,"href":"https:\/\/humanforest.com.co\/es\/wp-json\/wp\/v2\/users\/2"}],"replies":[{"embeddable":true,"href":"https:\/\/humanforest.com.co\/es\/wp-json\/wp\/v2\/comments?post=9008"}],"version-history":[{"count":2,"href":"https:\/\/humanforest.com.co\/es\/wp-json\/wp\/v2\/pages\/9008\/revisions"}],"predecessor-version":[{"id":10084,"href":"https:\/\/humanforest.com.co\/es\/wp-json\/wp\/v2\/pages\/9008\/revisions\/10084"}],"wp:attachment":[{"href":"https:\/\/humanforest.com.co\/es\/wp-json\/wp\/v2\/media?parent=9008"}],"curies":[{"name":"wp","href":"https:\/\/api.w.org\/{rel}","templated":true}]}}