{"id":9006,"date":"2025-05-06T17:11:39","date_gmt":"2025-05-06T17:11:39","guid":{"rendered":"https:\/\/humanforest.com.co\/impressum\/"},"modified":"2025-08-07T15:05:00","modified_gmt":"2025-08-07T15:05:00","slug":"impressum","status":"publish","type":"page","link":"https:\/\/humanforest.com.co\/de\/impressum\/","title":{"rendered":"Impressum"},"content":{"rendered":"\t\t<div data-elementor-type=\"wp-page\" data-elementor-id=\"9006\" class=\"elementor elementor-9006 elementor-8978\" data-elementor-post-type=\"page\">\n\t\t\t\t<div class=\"elementor-element elementor-element-6f4b845 e-con-full e-flex e-con e-parent\" data-id=\"6f4b845\" data-element_type=\"container\" data-settings=\"{&quot;background_background&quot;:&quot;classic&quot;}\">\n\t\t<div class=\"elementor-element elementor-element-639de1a e-flex e-con-boxed e-con e-child\" data-id=\"639de1a\" data-element_type=\"container\">\n\t\t\t\t\t<div class=\"e-con-inner\">\n\t\t\t\t<div class=\"elementor-element elementor-element-9a7b9d7 elementor-widget elementor-widget-heading\" data-id=\"9a7b9d7\" data-element_type=\"widget\" data-widget_type=\"heading.default\">\n\t\t\t\t<div class=\"elementor-widget-container\">\n\t\t\t\t\t<h2 class=\"elementor-heading-title elementor-size-default\">Impressum<\/h2>\t\t\t\t<\/div>\n\t\t\t\t<\/div>\n\t\t\t\t\t<\/div>\n\t\t\t\t<\/div>\n\t\t\t\t<\/div>\n\t\t<div class=\"elementor-element elementor-element-50a7fc8 e-flex e-con-boxed e-con e-parent\" data-id=\"50a7fc8\" data-element_type=\"container\">\n\t\t\t\t\t<div class=\"e-con-inner\">\n\t\t<div class=\"elementor-element elementor-element-d274d5f e-con-full e-flex e-con e-child\" data-id=\"d274d5f\" data-element_type=\"container\">\n\t\t\t\t<div class=\"elementor-element elementor-element-fcd3e4a elementor-widget elementor-widget-heading\" data-id=\"fcd3e4a\" data-element_type=\"widget\" data-widget_type=\"heading.default\">\n\t\t\t\t<div class=\"elementor-widget-container\">\n\t\t\t\t\t<h2 class=\"elementor-heading-title elementor-size-default\">Angaben gem\u00e4\u00df der EU-Richtlinie 2000\/31\/EG (E-Commerce-Richtlinie)<\/h2>\t\t\t\t<\/div>\n\t\t\t\t<\/div>\n\t\t\t\t<div class=\"elementor-element elementor-element-43e9ced elementor-widget elementor-widget-heading\" data-id=\"43e9ced\" data-element_type=\"widget\" data-widget_type=\"heading.default\">\n\t\t\t\t<div class=\"elementor-widget-container\">\n\t\t\t\t\t<h2 class=\"elementor-heading-title elementor-size-default\">Name des Unternehmens:<\/h2>\t\t\t\t<\/div>\n\t\t\t\t<\/div>\n\t\t\t\t<div class=\"elementor-element elementor-element-c11fbaf elementor-widget elementor-widget-text-editor\" data-id=\"c11fbaf\" data-element_type=\"widget\" data-widget_type=\"text-editor.default\">\n\t\t\t\t<div class=\"elementor-widget-container\">\n\t\t\t\t\t\t\t\t\t<p>Human Forest SAS<\/p>\t\t\t\t\t\t\t\t<\/div>\n\t\t\t\t<\/div>\n\t\t\t\t<div class=\"elementor-element elementor-element-d966feb elementor-widget elementor-widget-heading\" data-id=\"d966feb\" data-element_type=\"widget\" data-widget_type=\"heading.default\">\n\t\t\t\t<div class=\"elementor-widget-container\">\n\t\t\t\t\t<h2 class=\"elementor-heading-title elementor-size-default\">Vertretungsberechtigte Person:<\/h2>\t\t\t\t<\/div>\n\t\t\t\t<\/div>\n\t\t\t\t<div class=\"elementor-element elementor-element-88fd432 elementor-widget elementor-widget-text-editor\" data-id=\"88fd432\" data-element_type=\"widget\" data-widget_type=\"text-editor.default\">\n\t\t\t\t<div class=\"elementor-widget-container\">\n\t\t\t\t\t\t\t\t\t<p><span style=\"font-weight: 400;\">Helmuth Gallego<\/span><\/p>\t\t\t\t\t\t\t\t<\/div>\n\t\t\t\t<\/div>\n\t\t\t\t<div class=\"elementor-element elementor-element-b9f223d elementor-widget elementor-widget-heading\" data-id=\"b9f223d\" data-element_type=\"widget\" data-widget_type=\"heading.default\">\n\t\t\t\t<div class=\"elementor-widget-container\">\n\t\t\t\t\t<h2 class=\"elementor-heading-title elementor-size-default\">Adresse:<\/h2>\t\t\t\t<\/div>\n\t\t\t\t<\/div>\n\t\t\t\t<div class=\"elementor-element elementor-element-c7bc17e elementor-widget elementor-widget-text-editor\" data-id=\"c7bc17e\" data-element_type=\"widget\" data-widget_type=\"text-editor.default\">\n\t\t\t\t<div class=\"elementor-widget-container\">\n\t\t\t\t\t\t\t\t\t<p><span style=\"font-weight: 400;\">Calle 101 No. 12-42<\/span><span style=\"font-weight: 400;\"><br><\/span><span style=\"font-weight: 400;\">110111 Bogot\u00e1<\/span><span style=\"font-weight: 400;\"><br><\/span><span style=\"font-weight: 400;\">Colombia<\/span><\/p>\t\t\t\t\t\t\t\t<\/div>\n\t\t\t\t<\/div>\n\t\t\t\t<div class=\"elementor-element elementor-element-70ea9a1 elementor-widget elementor-widget-heading\" data-id=\"70ea9a1\" data-element_type=\"widget\" data-widget_type=\"heading.default\">\n\t\t\t\t<div class=\"elementor-widget-container\">\n\t\t\t\t\t<h2 class=\"elementor-heading-title elementor-size-default\">Contact:<\/h2>\t\t\t\t<\/div>\n\t\t\t\t<\/div>\n\t\t\t\t<div class=\"elementor-element elementor-element-9b47ea5 elementor-widget elementor-widget-text-editor\" data-id=\"9b47ea5\" data-element_type=\"widget\" data-widget_type=\"text-editor.default\">\n\t\t\t\t<div class=\"elementor-widget-container\">\n\t\t\t\t\t\t\t\t\t<p><span style=\"font-weight: 400;\">Telefon: +57 (601) 552 2510<\/span><span style=\"font-weight: 400;\"><br><\/span><span style=\"font-weight: 400;\">Email: administracion@humanforest.com.co<\/span><span style=\"font-weight: 400;\"><br><\/span><span style=\"font-weight: 400;\">Website: humanforest.com.co<\/span><\/p>\t\t\t\t\t\t\t\t<\/div>\n\t\t\t\t<\/div>\n\t\t\t\t<div class=\"elementor-element elementor-element-a719789 elementor-widget elementor-widget-heading\" data-id=\"a719789\" data-element_type=\"widget\" data-widget_type=\"heading.default\">\n\t\t\t\t<div class=\"elementor-widget-container\">\n\t\t\t\t\t<h2 class=\"elementor-heading-title elementor-size-default\">Steuerliche Identifikationsnummer:<\/h2>\t\t\t\t<\/div>\n\t\t\t\t<\/div>\n\t\t\t\t<div class=\"elementor-element elementor-element-b6fcd31 elementor-widget elementor-widget-text-editor\" data-id=\"b6fcd31\" data-element_type=\"widget\" data-widget_type=\"text-editor.default\">\n\t\t\t\t<div class=\"elementor-widget-container\">\n\t\t\t\t\t\t\t\t\t<p><span style=\"font-weight: 400;\">900798924<\/span><\/p>\t\t\t\t\t\t\t\t<\/div>\n\t\t\t\t<\/div>\n\t\t\t\t<div class=\"elementor-element elementor-element-9e24cf1 elementor-widget elementor-widget-heading\" data-id=\"9e24cf1\" data-element_type=\"widget\" data-widget_type=\"heading.default\">\n\t\t\t\t<div class=\"elementor-widget-container\">\n\t\t\t\t\t<h2 class=\"elementor-heading-title elementor-size-default\">Verantwortlich f\u00fcr den Inhalt gem\u00e4\u00df der EU-Richtlinie 2000\/31\/EG:<\/h2>\t\t\t\t<\/div>\n\t\t\t\t<\/div>\n\t\t\t\t<div class=\"elementor-element elementor-element-1fcc326 elementor-widget elementor-widget-text-editor\" data-id=\"1fcc326\" data-element_type=\"widget\" data-widget_type=\"text-editor.default\">\n\t\t\t\t<div class=\"elementor-widget-container\">\n\t\t\t\t\t\t\t\t\t<p><span style=\"font-weight: 400;\">Helmuth Gallego<\/span><span style=\"font-weight: 400;\"><br><\/span><span style=\"font-weight: 400;\">Calle 101 No. 12-42, 110111 Bogot\u00e1, Colombia<\/span><\/p>\t\t\t\t\t\t\t\t<\/div>\n\t\t\t\t<\/div>\n\t\t\t\t<div class=\"elementor-element elementor-element-17340d2 elementor-widget elementor-widget-heading\" data-id=\"17340d2\" data-element_type=\"widget\" data-widget_type=\"heading.default\">\n\t\t\t\t<div class=\"elementor-widget-container\">\n\t\t\t\t\t<h2 class=\"elementor-heading-title elementor-size-default\">Haftung f\u00fcr Inhalte:<\/h2>\t\t\t\t<\/div>\n\t\t\t\t<\/div>\n\t\t\t\t<div class=\"elementor-element elementor-element-4f5cbe8 elementor-widget elementor-widget-text-editor\" data-id=\"4f5cbe8\" data-element_type=\"widget\" data-widget_type=\"text-editor.default\">\n\t\t\t\t<div class=\"elementor-widget-container\">\n\t\t\t\t\t\t\t\t\t<p><span style=\"font-weight: 400;\">Die Inhalte dieser Website wurden mit gr\u00f6\u00dfter Sorgfalt erstellt. F\u00fcr die Richtigkeit, Vollst\u00e4ndigkeit und Aktualit\u00e4t der Inhalte \u00fcbernehmen wir jedoch keine Gew\u00e4hr. <\/span><\/p>\t\t\t\t\t\t\t\t<\/div>\n\t\t\t\t<\/div>\n\t\t\t\t<div class=\"elementor-element elementor-element-5263dc1 elementor-widget elementor-widget-heading\" data-id=\"5263dc1\" data-element_type=\"widget\" data-widget_type=\"heading.default\">\n\t\t\t\t<div class=\"elementor-widget-container\">\n\t\t\t\t\t<h2 class=\"elementor-heading-title elementor-size-default\">Haftung f\u00fcr Links:<\/h2>\t\t\t\t<\/div>\n\t\t\t\t<\/div>\n\t\t\t\t<div class=\"elementor-element elementor-element-c85395a elementor-widget elementor-widget-text-editor\" data-id=\"c85395a\" data-element_type=\"widget\" data-widget_type=\"text-editor.default\">\n\t\t\t\t<div class=\"elementor-widget-container\">\n\t\t\t\t\t\t\t\t\t<p><span style=\"font-weight: 400;\">Unser Angebot enth\u00e4lt Links zu externen Websites Dritter, auf deren Inhalte wir keinen Einfluss haben. Daher \u00fcbernehmen wir f\u00fcr diese fremden Inhalte keine Gew\u00e4hr. <\/span><\/p>\t\t\t\t\t\t\t\t<\/div>\n\t\t\t\t<\/div>\n\t\t\t\t<div class=\"elementor-element elementor-element-0421693 elementor-widget elementor-widget-heading\" data-id=\"0421693\" data-element_type=\"widget\" data-widget_type=\"heading.default\">\n\t\t\t\t<div class=\"elementor-widget-container\">\n\t\t\t\t\t<h2 class=\"elementor-heading-title elementor-size-default\">Urheberrecht:<\/h2>\t\t\t\t<\/div>\n\t\t\t\t<\/div>\n\t\t\t\t<div class=\"elementor-element elementor-element-d602c83 elementor-widget elementor-widget-text-editor\" data-id=\"d602c83\" data-element_type=\"widget\" data-widget_type=\"text-editor.default\">\n\t\t\t\t<div class=\"elementor-widget-container\">\n\t\t\t\t\t\t\t\t\t<p><span style=\"font-weight: 400;\">Die durch das Unternehmen erstellten Inhalte auf dieser Website unterliegen dem kolumbianischen Urheberrecht. Jede Vervielf\u00e4ltigung oder Verbreitung bedarf der schriftlichen Zustimmung. <\/span><\/p>\t\t\t\t\t\t\t\t<\/div>\n\t\t\t\t<\/div>\n\t\t\t\t<\/div>\n\t\t\t\t\t<\/div>\n\t\t\t\t<\/div>\n\t\t\t\t<\/div>\n\t\t","protected":false},"excerpt":{"rendered":"<p>Impressum Angaben gem\u00e4\u00df der EU-Richtlinie 2000\/31\/EG (E-Commerce-Richtlinie) Name des Unternehmens: Human Forest SAS Vertretungsberechtigte Person: Helmuth Gallego Adresse: Calle 101 No. 12-42110111 Bogot\u00e1Colombia Contact: Telefon: +57 (601) 552 2510Email: administracion@humanforest.com.coWebsite: humanforest.com.co Steuerliche Identifikationsnummer: 900798924 Verantwortlich f\u00fcr den Inhalt gem\u00e4\u00df der EU-Richtlinie 2000\/31\/EG: Helmuth GallegoCalle 101 No. 12-42, 110111 Bogot\u00e1, Colombia Haftung f\u00fcr Inhalte: Die Inhalte [&hellip;]<\/p>\n","protected":false},"author":2,"featured_media":0,"parent":0,"menu_order":0,"comment_status":"closed","ping_status":"closed","template":"","meta":{"footnotes":""},"class_list":["post-9006","page","type-page","status-publish","hentry"],"_links":{"self":[{"href":"https:\/\/humanforest.com.co\/de\/wp-json\/wp\/v2\/pages\/9006","targetHints":{"allow":["GET"]}}],"collection":[{"href":"https:\/\/humanforest.com.co\/de\/wp-json\/wp\/v2\/pages"}],"about":[{"href":"https:\/\/humanforest.com.co\/de\/wp-json\/wp\/v2\/types\/page"}],"author":[{"embeddable":true,"href":"https:\/\/humanforest.com.co\/de\/wp-json\/wp\/v2\/users\/2"}],"replies":[{"embeddable":true,"href":"https:\/\/humanforest.com.co\/de\/wp-json\/wp\/v2\/comments?post=9006"}],"version-history":[{"count":2,"href":"https:\/\/humanforest.com.co\/de\/wp-json\/wp\/v2\/pages\/9006\/revisions"}],"predecessor-version":[{"id":10083,"href":"https:\/\/humanforest.com.co\/de\/wp-json\/wp\/v2\/pages\/9006\/revisions\/10083"}],"wp:attachment":[{"href":"https:\/\/humanforest.com.co\/de\/wp-json\/wp\/v2\/media?parent=9006"}],"curies":[{"name":"wp","href":"https:\/\/api.w.org\/{rel}","templated":true}]}}